{"id":6293,"date":"2019-06-12T01:27:25","date_gmt":"2019-06-11T23:27:25","guid":{"rendered":"https:\/\/smacznymiod.pl\/?post_type=product&#038;p=6293"},"modified":"2025-11-05T20:29:01","modified_gmt":"2025-11-05T19:29:01","slug":"miod-wielokwiatowy","status":"publish","type":"product","link":"https:\/\/smacznymiod.pl\/en\/product\/miod-wielokwiatowy","title":{"rendered":"Mi\u00f3d Wielokwiatowy 1.3Kg"},"content":{"rendered":"","protected":false},"excerpt":{"rendered":"<p>Mi\u00f3d jab\u0142oniowy to rzadka odmiana miodu.<\/p>","protected":false},"featured_media":6419,"comment_status":"open","ping_status":"closed","template":"","meta":[],"product_cat":[243],"product_tag":[264,261,278,289],"yoast_head":"<!-- This site is optimized with the Yoast SEO plugin v18.0 - https:\/\/yoast.com\/wordpress\/plugins\/seo\/ -->\n<title>Mi\u00f3d Wielokwiatowy 1.3Kg - Sklep z miodem - naturalny mi\u00f3d<\/title>\n<meta name=\"description\" content=\"Mi\u00f3d wielokwiatowy jest wyj\u0105tkowy i to nie podlega dyskusji. Naturalny spos\u00f3b na odczulanie najskuteczniejszy jest tylko z miodem wielokwiatowym.\" \/>\n<meta name=\"robots\" content=\"index, follow, max-snippet:-1, max-image-preview:large, max-video-preview:-1\" \/>\n<link rel=\"canonical\" href=\"https:\/\/smacznymiod.pl\/en\/product\/miod-wielokwiatowy\/\" \/>\n<meta property=\"og:locale\" content=\"en_GB\" \/>\n<meta property=\"og:type\" content=\"article\" \/>\n<meta property=\"og:title\" content=\"Mi\u00f3d Wielokwiatowy 1.3Kg - Sklep z miodem - naturalny mi\u00f3d\" \/>\n<meta property=\"og:description\" content=\"Mi\u00f3d wielokwiatowy jest wyj\u0105tkowy i to nie podlega dyskusji. Naturalny spos\u00f3b na odczulanie najskuteczniejszy jest tylko z miodem wielokwiatowym.\" \/>\n<meta property=\"og:url\" content=\"https:\/\/smacznymiod.pl\/en\/product\/miod-wielokwiatowy\/\" \/>\n<meta property=\"og:site_name\" content=\"Smaczny Mi\u00f3d\" \/>\n<meta property=\"article:publisher\" content=\"https:\/\/www.facebook.com\/pasiekahekor\/\" \/>\n<meta property=\"article:modified_time\" content=\"2025-11-05T19:29:01+00:00\" \/>\n<meta property=\"og:image\" content=\"https:\/\/smacznymiod.pl\/wp-content\/uploads\/2019\/06\/sklep-z-miodem-miod-wielokwiatowy.jpg\" \/>\n\t<meta property=\"og:image:width\" content=\"720\" \/>\n\t<meta property=\"og:image:height\" content=\"960\" \/>\n\t<meta property=\"og:image:type\" content=\"image\/jpeg\" \/>\n<meta name=\"twitter:card\" content=\"summary_large_image\" \/>\n<meta name=\"twitter:site\" content=\"@PasiekaH\" \/>\n<script type=\"application\/ld+json\" class=\"yoast-schema-graph\">{\"@context\":\"https:\/\/schema.org\",\"@graph\":[{\"@type\":\"Organization\",\"@id\":\"https:\/\/smacznymiod.pl\/#organization\",\"name\":\"Pasieka Hekor\",\"url\":\"https:\/\/smacznymiod.pl\/\",\"sameAs\":[\"https:\/\/www.facebook.com\/pasiekahekor\/\",\"https:\/\/www.instagram.com\/pasieka_hekor\/\",\"https:\/\/www.youtube.com\/channel\/UCfJp25tX9oiW0z-7HiH9HiQ\",\"https:\/\/twitter.com\/PasiekaH\"],\"logo\":{\"@type\":\"ImageObject\",\"@id\":\"https:\/\/smacznymiod.pl\/#logo\",\"inLanguage\":\"en-GB\",\"url\":\"https:\/\/smacznymiod.pl\/wp-content\/uploads\/2017\/12\/logo-pasieka-hekor-sklep-z-miodem-smacznymiod-smaczny-miod.png\",\"contentUrl\":\"https:\/\/smacznymiod.pl\/wp-content\/uploads\/2017\/12\/logo-pasieka-hekor-sklep-z-miodem-smacznymiod-smaczny-miod.png\",\"width\":150,\"height\":128,\"caption\":\"Pasieka Hekor\"},\"image\":{\"@id\":\"https:\/\/smacznymiod.pl\/#logo\"}},{\"@type\":\"WebSite\",\"@id\":\"https:\/\/smacznymiod.pl\/#website\",\"url\":\"https:\/\/smacznymiod.pl\/\",\"name\":\"Smaczny Mi\u00f3d\",\"description\":\"Pasieka Hekor najprawdziwszy mi\u00f3d z przydomowej pasieki!\",\"publisher\":{\"@id\":\"https:\/\/smacznymiod.pl\/#organization\"},\"potentialAction\":[{\"@type\":\"SearchAction\",\"target\":{\"@type\":\"EntryPoint\",\"urlTemplate\":\"https:\/\/smacznymiod.pl\/?s={search_term_string}\"},\"query-input\":\"required name=search_term_string\"}],\"inLanguage\":\"en-GB\"},{\"@type\":\"ImageObject\",\"@id\":\"https:\/\/smacznymiod.pl\/product\/miod-wielokwiatowy\/#primaryimage\",\"inLanguage\":\"en-GB\",\"url\":\"https:\/\/smacznymiod.pl\/wp-content\/uploads\/2019\/06\/sklep-z-miodem-miod-wielokwiatowy.jpg\",\"contentUrl\":\"https:\/\/smacznymiod.pl\/wp-content\/uploads\/2019\/06\/sklep-z-miodem-miod-wielokwiatowy.jpg\",\"width\":720,\"height\":960,\"caption\":\"Miod wielokwiatowy\"},{\"@type\":\"WebPage\",\"@id\":\"https:\/\/smacznymiod.pl\/product\/miod-wielokwiatowy\/#webpage\",\"url\":\"https:\/\/smacznymiod.pl\/product\/miod-wielokwiatowy\/\",\"name\":\"Mi\u00f3d Wielokwiatowy 1.3Kg - Sklep z miodem - naturalny mi\u00f3d\",\"isPartOf\":{\"@id\":\"https:\/\/smacznymiod.pl\/#website\"},\"primaryImageOfPage\":{\"@id\":\"https:\/\/smacznymiod.pl\/product\/miod-wielokwiatowy\/#primaryimage\"},\"datePublished\":\"2019-06-11T23:27:25+00:00\",\"dateModified\":\"2025-11-05T19:29:01+00:00\",\"description\":\"Mi\u00f3d wielokwiatowy jest wyj\u0105tkowy i to nie podlega dyskusji. Naturalny spos\u00f3b na odczulanie najskuteczniejszy jest tylko z miodem wielokwiatowym.\",\"breadcrumb\":{\"@id\":\"https:\/\/smacznymiod.pl\/product\/miod-wielokwiatowy\/#breadcrumb\"},\"inLanguage\":\"en-GB\",\"potentialAction\":[{\"@type\":\"ReadAction\",\"target\":[\"https:\/\/smacznymiod.pl\/product\/miod-wielokwiatowy\/\"]}]},{\"@type\":\"BreadcrumbList\",\"@id\":\"https:\/\/smacznymiod.pl\/product\/miod-wielokwiatowy\/#breadcrumb\",\"itemListElement\":[{\"@type\":\"ListItem\",\"position\":1,\"name\":\"Strona g\u0142\u00f3wna\",\"item\":\"https:\/\/smacznymiod.pl\/\"},{\"@type\":\"ListItem\",\"position\":2,\"name\":\"Sklep\",\"item\":\"https:\/\/smacznymiod.pl\/sklep\/\"},{\"@type\":\"ListItem\",\"position\":3,\"name\":\"Mi\u00f3d Wielokwiatowy 1.3Kg\"}]}]}<\/script>\n<!-- \/ Yoast SEO plugin. -->","yoast_head_json":{"title":"Mi\u00f3d Wielokwiatowy 1.3Kg - Sklep z miodem - naturalny mi\u00f3d","description":"Mi\u00f3d wielokwiatowy jest wyj\u0105tkowy i to nie podlega dyskusji. Naturalny spos\u00f3b na odczulanie najskuteczniejszy jest tylko z miodem wielokwiatowym.","robots":{"index":"index","follow":"follow","max-snippet":"max-snippet:-1","max-image-preview":"max-image-preview:large","max-video-preview":"max-video-preview:-1"},"canonical":"https:\/\/smacznymiod.pl\/en\/product\/miod-wielokwiatowy\/","og_locale":"en_GB","og_type":"article","og_title":"Mi\u00f3d Wielokwiatowy 1.3Kg - Sklep z miodem - naturalny mi\u00f3d","og_description":"Mi\u00f3d wielokwiatowy jest wyj\u0105tkowy i to nie podlega dyskusji. Naturalny spos\u00f3b na odczulanie najskuteczniejszy jest tylko z miodem wielokwiatowym.","og_url":"https:\/\/smacznymiod.pl\/en\/product\/miod-wielokwiatowy\/","og_site_name":"Smaczny Mi\u00f3d","article_publisher":"https:\/\/www.facebook.com\/pasiekahekor\/","article_modified_time":"2025-11-05T19:29:01+00:00","og_image":[{"width":720,"height":960,"url":"https:\/\/smacznymiod.pl\/wp-content\/uploads\/2019\/06\/sklep-z-miodem-miod-wielokwiatowy.jpg","type":"image\/jpeg"}],"twitter_card":"summary_large_image","twitter_site":"@PasiekaH","schema":{"@context":"https:\/\/schema.org","@graph":[{"@type":"Organization","@id":"https:\/\/smacznymiod.pl\/#organization","name":"Pasieka Hekor","url":"https:\/\/smacznymiod.pl\/","sameAs":["https:\/\/www.facebook.com\/pasiekahekor\/","https:\/\/www.instagram.com\/pasieka_hekor\/","https:\/\/www.youtube.com\/channel\/UCfJp25tX9oiW0z-7HiH9HiQ","https:\/\/twitter.com\/PasiekaH"],"logo":{"@type":"ImageObject","@id":"https:\/\/smacznymiod.pl\/#logo","inLanguage":"en-GB","url":"https:\/\/smacznymiod.pl\/wp-content\/uploads\/2017\/12\/logo-pasieka-hekor-sklep-z-miodem-smacznymiod-smaczny-miod.png","contentUrl":"https:\/\/smacznymiod.pl\/wp-content\/uploads\/2017\/12\/logo-pasieka-hekor-sklep-z-miodem-smacznymiod-smaczny-miod.png","width":150,"height":128,"caption":"Pasieka Hekor"},"image":{"@id":"https:\/\/smacznymiod.pl\/#logo"}},{"@type":"WebSite","@id":"https:\/\/smacznymiod.pl\/#website","url":"https:\/\/smacznymiod.pl\/","name":"Smaczny Mi\u00f3d","description":"Pasieka Hekor najprawdziwszy mi\u00f3d z przydomowej pasieki!","publisher":{"@id":"https:\/\/smacznymiod.pl\/#organization"},"potentialAction":[{"@type":"SearchAction","target":{"@type":"EntryPoint","urlTemplate":"https:\/\/smacznymiod.pl\/?s={search_term_string}"},"query-input":"required name=search_term_string"}],"inLanguage":"en-GB"},{"@type":"ImageObject","@id":"https:\/\/smacznymiod.pl\/product\/miod-wielokwiatowy\/#primaryimage","inLanguage":"en-GB","url":"https:\/\/smacznymiod.pl\/wp-content\/uploads\/2019\/06\/sklep-z-miodem-miod-wielokwiatowy.jpg","contentUrl":"https:\/\/smacznymiod.pl\/wp-content\/uploads\/2019\/06\/sklep-z-miodem-miod-wielokwiatowy.jpg","width":720,"height":960,"caption":"Miod wielokwiatowy"},{"@type":"WebPage","@id":"https:\/\/smacznymiod.pl\/product\/miod-wielokwiatowy\/#webpage","url":"https:\/\/smacznymiod.pl\/product\/miod-wielokwiatowy\/","name":"Mi\u00f3d Wielokwiatowy 1.3Kg - Sklep z miodem - naturalny mi\u00f3d","isPartOf":{"@id":"https:\/\/smacznymiod.pl\/#website"},"primaryImageOfPage":{"@id":"https:\/\/smacznymiod.pl\/product\/miod-wielokwiatowy\/#primaryimage"},"datePublished":"2019-06-11T23:27:25+00:00","dateModified":"2025-11-05T19:29:01+00:00","description":"Mi\u00f3d wielokwiatowy jest wyj\u0105tkowy i to nie podlega dyskusji. Naturalny spos\u00f3b na odczulanie najskuteczniejszy jest tylko z miodem wielokwiatowym.","breadcrumb":{"@id":"https:\/\/smacznymiod.pl\/product\/miod-wielokwiatowy\/#breadcrumb"},"inLanguage":"en-GB","potentialAction":[{"@type":"ReadAction","target":["https:\/\/smacznymiod.pl\/product\/miod-wielokwiatowy\/"]}]},{"@type":"BreadcrumbList","@id":"https:\/\/smacznymiod.pl\/product\/miod-wielokwiatowy\/#breadcrumb","itemListElement":[{"@type":"ListItem","position":1,"name":"Strona g\u0142\u00f3wna","item":"https:\/\/smacznymiod.pl\/"},{"@type":"ListItem","position":2,"name":"Sklep","item":"https:\/\/smacznymiod.pl\/sklep\/"},{"@type":"ListItem","position":3,"name":"Mi\u00f3d Wielokwiatowy 1.3Kg"}]}]}},"_links":{"self":[{"href":"https:\/\/smacznymiod.pl\/en\/wp-json\/wp\/v2\/product\/6293"}],"collection":[{"href":"https:\/\/smacznymiod.pl\/en\/wp-json\/wp\/v2\/product"}],"about":[{"href":"https:\/\/smacznymiod.pl\/en\/wp-json\/wp\/v2\/types\/product"}],"replies":[{"embeddable":true,"href":"https:\/\/smacznymiod.pl\/en\/wp-json\/wp\/v2\/comments?post=6293"}],"wp:featuredmedia":[{"embeddable":true,"href":"https:\/\/smacznymiod.pl\/en\/wp-json\/wp\/v2\/media\/6419"}],"wp:attachment":[{"href":"https:\/\/smacznymiod.pl\/en\/wp-json\/wp\/v2\/media?parent=6293"}],"wp:term":[{"taxonomy":"product_cat","embeddable":true,"href":"https:\/\/smacznymiod.pl\/en\/wp-json\/wp\/v2\/product_cat?post=6293"},{"taxonomy":"product_tag","embeddable":true,"href":"https:\/\/smacznymiod.pl\/en\/wp-json\/wp\/v2\/product_tag?post=6293"}],"curies":[{"name":"wp","href":"https:\/\/api.w.org\/{rel}","templated":true}]}}