{"id":6038,"date":"2019-03-26T22:19:18","date_gmt":"2019-03-26T21:19:18","guid":{"rendered":"http:\/\/smacznymiod.pl\/?post_type=product&#038;p=6038"},"modified":"2024-08-09T23:28:12","modified_gmt":"2024-08-09T21:28:12","slug":"miod-akacjowy-1-3kg","status":"publish","type":"product","link":"https:\/\/smacznymiod.pl\/en\/product\/miod-akacjowy-1-3kg","title":{"rendered":"Mi\u00f3d Akacjowy 1.3Kg"},"content":{"rendered":"","protected":false},"excerpt":{"rendered":"<p>Pozytywnie wp\u0142ywa na uk\u0142ad kr\u0105\u017cenia i naczynia wie\u0144cowe, stabilizuje ci\u015bnienie krwi i hamuje procesy mia\u017cd\u017cycowe.<\/p>","protected":false},"featured_media":6039,"comment_status":"open","ping_status":"closed","template":"","meta":[],"product_cat":[282,243],"product_tag":[281,268,279,261,278,280],"yoast_head":"<!-- This site is optimized with the Yoast SEO plugin v18.0 - https:\/\/yoast.com\/wordpress\/plugins\/seo\/ -->\n<title>Pyszny Mi\u00f3d Akacjowy - \u015awie\u017cy, Naturalny i Bez Dodatk\u00f3w<\/title>\n<meta name=\"description\" content=\"Mi\u00f3d akacjowy wyr\u00f3\u017cnia si\u0119 jasn\u0105 barw\u0105 i delikatnym smakiem, kt\u00f3ry sprawia, \u017ce jest on doskona\u0142ym dodatkiem do r\u00f3\u017cnych potraw i napoj\u00f3w.\" \/>\n<meta name=\"robots\" content=\"index, follow, max-snippet:-1, max-image-preview:large, max-video-preview:-1\" \/>\n<link rel=\"canonical\" href=\"https:\/\/smacznymiod.pl\/en\/product\/miod-akacjowy-1-3kg\/\" \/>\n<meta property=\"og:locale\" content=\"en_GB\" \/>\n<meta property=\"og:type\" content=\"article\" \/>\n<meta property=\"og:title\" content=\"Pyszny Mi\u00f3d Akacjowy - \u015awie\u017cy, Naturalny i Bez Dodatk\u00f3w\" \/>\n<meta property=\"og:description\" content=\"Mi\u00f3d akacjowy wyr\u00f3\u017cnia si\u0119 jasn\u0105 barw\u0105 i delikatnym smakiem, kt\u00f3ry sprawia, \u017ce jest on doskona\u0142ym dodatkiem do r\u00f3\u017cnych potraw i napoj\u00f3w.\" \/>\n<meta property=\"og:url\" content=\"https:\/\/smacznymiod.pl\/en\/product\/miod-akacjowy-1-3kg\/\" \/>\n<meta property=\"og:site_name\" content=\"Smaczny Mi\u00f3d\" \/>\n<meta property=\"article:publisher\" content=\"https:\/\/www.facebook.com\/pasiekahekor\/\" \/>\n<meta property=\"article:modified_time\" content=\"2024-08-09T21:28:12+00:00\" \/>\n<meta property=\"og:image\" content=\"https:\/\/smacznymiod.pl\/wp-content\/uploads\/2019\/03\/miod-akacjowy-900ml.jpg\" \/>\n\t<meta property=\"og:image:width\" content=\"288\" \/>\n\t<meta property=\"og:image:height\" content=\"411\" \/>\n\t<meta property=\"og:image:type\" content=\"image\/jpeg\" \/>\n<meta name=\"twitter:card\" content=\"summary_large_image\" \/>\n<meta name=\"twitter:site\" content=\"@PasiekaH\" \/>\n<meta name=\"twitter:label1\" content=\"Estimated reading time\" \/>\n\t<meta name=\"twitter:data1\" content=\"1 minute\" \/>\n<script type=\"application\/ld+json\" class=\"yoast-schema-graph\">{\"@context\":\"https:\/\/schema.org\",\"@graph\":[{\"@type\":\"Organization\",\"@id\":\"https:\/\/smacznymiod.pl\/#organization\",\"name\":\"Pasieka Hekor\",\"url\":\"https:\/\/smacznymiod.pl\/\",\"sameAs\":[\"https:\/\/www.facebook.com\/pasiekahekor\/\",\"https:\/\/www.instagram.com\/pasieka_hekor\/\",\"https:\/\/www.youtube.com\/channel\/UCfJp25tX9oiW0z-7HiH9HiQ\",\"https:\/\/twitter.com\/PasiekaH\"],\"logo\":{\"@type\":\"ImageObject\",\"@id\":\"https:\/\/smacznymiod.pl\/#logo\",\"inLanguage\":\"en-GB\",\"url\":\"https:\/\/smacznymiod.pl\/wp-content\/uploads\/2017\/12\/logo-pasieka-hekor-sklep-z-miodem-smacznymiod-smaczny-miod.png\",\"contentUrl\":\"https:\/\/smacznymiod.pl\/wp-content\/uploads\/2017\/12\/logo-pasieka-hekor-sklep-z-miodem-smacznymiod-smaczny-miod.png\",\"width\":150,\"height\":128,\"caption\":\"Pasieka Hekor\"},\"image\":{\"@id\":\"https:\/\/smacznymiod.pl\/#logo\"}},{\"@type\":\"WebSite\",\"@id\":\"https:\/\/smacznymiod.pl\/#website\",\"url\":\"https:\/\/smacznymiod.pl\/\",\"name\":\"Smaczny Mi\u00f3d\",\"description\":\"Pasieka Hekor najprawdziwszy mi\u00f3d z przydomowej pasieki!\",\"publisher\":{\"@id\":\"https:\/\/smacznymiod.pl\/#organization\"},\"potentialAction\":[{\"@type\":\"SearchAction\",\"target\":{\"@type\":\"EntryPoint\",\"urlTemplate\":\"https:\/\/smacznymiod.pl\/?s={search_term_string}\"},\"query-input\":\"required name=search_term_string\"}],\"inLanguage\":\"en-GB\"},{\"@type\":\"ImageObject\",\"@id\":\"https:\/\/smacznymiod.pl\/product\/miod-akacjowy-1-3kg\/#primaryimage\",\"inLanguage\":\"en-GB\",\"url\":\"https:\/\/smacznymiod.pl\/wp-content\/uploads\/2019\/03\/miod-akacjowy-900ml.jpg\",\"contentUrl\":\"https:\/\/smacznymiod.pl\/wp-content\/uploads\/2019\/03\/miod-akacjowy-900ml.jpg\",\"width\":288,\"height\":411,\"caption\":\"Mi\u00f3d akacjowy\"},{\"@type\":\"WebPage\",\"@id\":\"https:\/\/smacznymiod.pl\/product\/miod-akacjowy-1-3kg\/#webpage\",\"url\":\"https:\/\/smacznymiod.pl\/product\/miod-akacjowy-1-3kg\/\",\"name\":\"Pyszny Mi\u00f3d Akacjowy - \u015awie\u017cy, Naturalny i Bez Dodatk\u00f3w\",\"isPartOf\":{\"@id\":\"https:\/\/smacznymiod.pl\/#website\"},\"primaryImageOfPage\":{\"@id\":\"https:\/\/smacznymiod.pl\/product\/miod-akacjowy-1-3kg\/#primaryimage\"},\"datePublished\":\"2019-03-26T21:19:18+00:00\",\"dateModified\":\"2024-08-09T21:28:12+00:00\",\"description\":\"Mi\u00f3d akacjowy wyr\u00f3\u017cnia si\u0119 jasn\u0105 barw\u0105 i delikatnym smakiem, kt\u00f3ry sprawia, \u017ce jest on doskona\u0142ym dodatkiem do r\u00f3\u017cnych potraw i napoj\u00f3w.\",\"breadcrumb\":{\"@id\":\"https:\/\/smacznymiod.pl\/product\/miod-akacjowy-1-3kg\/#breadcrumb\"},\"inLanguage\":\"en-GB\",\"potentialAction\":[{\"@type\":\"ReadAction\",\"target\":[\"https:\/\/smacznymiod.pl\/product\/miod-akacjowy-1-3kg\/\"]}]},{\"@type\":\"BreadcrumbList\",\"@id\":\"https:\/\/smacznymiod.pl\/product\/miod-akacjowy-1-3kg\/#breadcrumb\",\"itemListElement\":[{\"@type\":\"ListItem\",\"position\":1,\"name\":\"Strona g\u0142\u00f3wna\",\"item\":\"https:\/\/smacznymiod.pl\/\"},{\"@type\":\"ListItem\",\"position\":2,\"name\":\"Sklep\",\"item\":\"https:\/\/smacznymiod.pl\/sklep\/\"},{\"@type\":\"ListItem\",\"position\":3,\"name\":\"Mi\u00f3d Akacjowy 1.3Kg\"}]}]}<\/script>\n<!-- \/ Yoast SEO plugin. -->","yoast_head_json":{"title":"Pyszny Mi\u00f3d Akacjowy - \u015awie\u017cy, Naturalny i Bez Dodatk\u00f3w","description":"Mi\u00f3d akacjowy wyr\u00f3\u017cnia si\u0119 jasn\u0105 barw\u0105 i delikatnym smakiem, kt\u00f3ry sprawia, \u017ce jest on doskona\u0142ym dodatkiem do r\u00f3\u017cnych potraw i napoj\u00f3w.","robots":{"index":"index","follow":"follow","max-snippet":"max-snippet:-1","max-image-preview":"max-image-preview:large","max-video-preview":"max-video-preview:-1"},"canonical":"https:\/\/smacznymiod.pl\/en\/product\/miod-akacjowy-1-3kg\/","og_locale":"en_GB","og_type":"article","og_title":"Pyszny Mi\u00f3d Akacjowy - \u015awie\u017cy, Naturalny i Bez Dodatk\u00f3w","og_description":"Mi\u00f3d akacjowy wyr\u00f3\u017cnia si\u0119 jasn\u0105 barw\u0105 i delikatnym smakiem, kt\u00f3ry sprawia, \u017ce jest on doskona\u0142ym dodatkiem do r\u00f3\u017cnych potraw i napoj\u00f3w.","og_url":"https:\/\/smacznymiod.pl\/en\/product\/miod-akacjowy-1-3kg\/","og_site_name":"Smaczny Mi\u00f3d","article_publisher":"https:\/\/www.facebook.com\/pasiekahekor\/","article_modified_time":"2024-08-09T21:28:12+00:00","og_image":[{"width":288,"height":411,"url":"https:\/\/smacznymiod.pl\/wp-content\/uploads\/2019\/03\/miod-akacjowy-900ml.jpg","type":"image\/jpeg"}],"twitter_card":"summary_large_image","twitter_site":"@PasiekaH","twitter_misc":{"Estimated reading time":"1 minute"},"schema":{"@context":"https:\/\/schema.org","@graph":[{"@type":"Organization","@id":"https:\/\/smacznymiod.pl\/#organization","name":"Pasieka Hekor","url":"https:\/\/smacznymiod.pl\/","sameAs":["https:\/\/www.facebook.com\/pasiekahekor\/","https:\/\/www.instagram.com\/pasieka_hekor\/","https:\/\/www.youtube.com\/channel\/UCfJp25tX9oiW0z-7HiH9HiQ","https:\/\/twitter.com\/PasiekaH"],"logo":{"@type":"ImageObject","@id":"https:\/\/smacznymiod.pl\/#logo","inLanguage":"en-GB","url":"https:\/\/smacznymiod.pl\/wp-content\/uploads\/2017\/12\/logo-pasieka-hekor-sklep-z-miodem-smacznymiod-smaczny-miod.png","contentUrl":"https:\/\/smacznymiod.pl\/wp-content\/uploads\/2017\/12\/logo-pasieka-hekor-sklep-z-miodem-smacznymiod-smaczny-miod.png","width":150,"height":128,"caption":"Pasieka Hekor"},"image":{"@id":"https:\/\/smacznymiod.pl\/#logo"}},{"@type":"WebSite","@id":"https:\/\/smacznymiod.pl\/#website","url":"https:\/\/smacznymiod.pl\/","name":"Smaczny Mi\u00f3d","description":"Pasieka Hekor najprawdziwszy mi\u00f3d z przydomowej pasieki!","publisher":{"@id":"https:\/\/smacznymiod.pl\/#organization"},"potentialAction":[{"@type":"SearchAction","target":{"@type":"EntryPoint","urlTemplate":"https:\/\/smacznymiod.pl\/?s={search_term_string}"},"query-input":"required name=search_term_string"}],"inLanguage":"en-GB"},{"@type":"ImageObject","@id":"https:\/\/smacznymiod.pl\/product\/miod-akacjowy-1-3kg\/#primaryimage","inLanguage":"en-GB","url":"https:\/\/smacznymiod.pl\/wp-content\/uploads\/2019\/03\/miod-akacjowy-900ml.jpg","contentUrl":"https:\/\/smacznymiod.pl\/wp-content\/uploads\/2019\/03\/miod-akacjowy-900ml.jpg","width":288,"height":411,"caption":"Mi\u00f3d akacjowy"},{"@type":"WebPage","@id":"https:\/\/smacznymiod.pl\/product\/miod-akacjowy-1-3kg\/#webpage","url":"https:\/\/smacznymiod.pl\/product\/miod-akacjowy-1-3kg\/","name":"Pyszny Mi\u00f3d Akacjowy - \u015awie\u017cy, Naturalny i Bez Dodatk\u00f3w","isPartOf":{"@id":"https:\/\/smacznymiod.pl\/#website"},"primaryImageOfPage":{"@id":"https:\/\/smacznymiod.pl\/product\/miod-akacjowy-1-3kg\/#primaryimage"},"datePublished":"2019-03-26T21:19:18+00:00","dateModified":"2024-08-09T21:28:12+00:00","description":"Mi\u00f3d akacjowy wyr\u00f3\u017cnia si\u0119 jasn\u0105 barw\u0105 i delikatnym smakiem, kt\u00f3ry sprawia, \u017ce jest on doskona\u0142ym dodatkiem do r\u00f3\u017cnych potraw i napoj\u00f3w.","breadcrumb":{"@id":"https:\/\/smacznymiod.pl\/product\/miod-akacjowy-1-3kg\/#breadcrumb"},"inLanguage":"en-GB","potentialAction":[{"@type":"ReadAction","target":["https:\/\/smacznymiod.pl\/product\/miod-akacjowy-1-3kg\/"]}]},{"@type":"BreadcrumbList","@id":"https:\/\/smacznymiod.pl\/product\/miod-akacjowy-1-3kg\/#breadcrumb","itemListElement":[{"@type":"ListItem","position":1,"name":"Strona g\u0142\u00f3wna","item":"https:\/\/smacznymiod.pl\/"},{"@type":"ListItem","position":2,"name":"Sklep","item":"https:\/\/smacznymiod.pl\/sklep\/"},{"@type":"ListItem","position":3,"name":"Mi\u00f3d Akacjowy 1.3Kg"}]}]}},"_links":{"self":[{"href":"https:\/\/smacznymiod.pl\/en\/wp-json\/wp\/v2\/product\/6038"}],"collection":[{"href":"https:\/\/smacznymiod.pl\/en\/wp-json\/wp\/v2\/product"}],"about":[{"href":"https:\/\/smacznymiod.pl\/en\/wp-json\/wp\/v2\/types\/product"}],"replies":[{"embeddable":true,"href":"https:\/\/smacznymiod.pl\/en\/wp-json\/wp\/v2\/comments?post=6038"}],"wp:featuredmedia":[{"embeddable":true,"href":"https:\/\/smacznymiod.pl\/en\/wp-json\/wp\/v2\/media\/6039"}],"wp:attachment":[{"href":"https:\/\/smacznymiod.pl\/en\/wp-json\/wp\/v2\/media?parent=6038"}],"wp:term":[{"taxonomy":"product_cat","embeddable":true,"href":"https:\/\/smacznymiod.pl\/en\/wp-json\/wp\/v2\/product_cat?post=6038"},{"taxonomy":"product_tag","embeddable":true,"href":"https:\/\/smacznymiod.pl\/en\/wp-json\/wp\/v2\/product_tag?post=6038"}],"curies":[{"name":"wp","href":"https:\/\/api.w.org\/{rel}","templated":true}]}}